{"id":124,"date":"2022-09-16T19:08:10","date_gmt":"2022-09-16T17:08:10","guid":{"rendered":"http:\/\/bebpnjw.cluster029.hosting.ovh.net\/?page_id=124"},"modified":"2026-04-17T16:13:00","modified_gmt":"2026-04-17T14:13:00","slug":"so-brunch","status":"publish","type":"page","link":"https:\/\/aubergedeboendael.be\/index.php\/so-brunch\/","title":{"rendered":"So&rsquo;Brunch"},"content":{"rendered":"\n<div style=\"height:130px\" aria-hidden=\"true\" class=\"wp-block-spacer\"><\/div>\n\n\n\n\n<div class=\"guten-icon-box-wrapper hover-from-left\"><div class=\"icon-box icon-box-header\">\n\t\t\t\t\t<div class=\"icon bg-style-color\">\n\t\t\t\t\t\t<i class=\"far fa-calendar-check icon-style-color\"><\/i>\n\t\t\t\t\t<\/div>\n\t\t\t\t<\/div><div class=\"icon-box icon-box-body\"><h2 class=\"title\">Prochaine date : dimanche 10 mai 2026<\/h2><p class=\"icon-box-description\">R\u00e9servation gratuite via le formulaire ci-dessous.<\/p><\/div><\/div>\n\n\n<div style=\"height:100px\" aria-hidden=\"true\" class=\"wp-block-spacer\"><\/div>\n\n\n<style id=\"wpforms-css-vars-1637-block-a89e0bcf-e69f-42ff-b35a-ac3a9e0e9b69\">\n\t\t\t\t#wpforms-1637.wpforms-block-a89e0bcf-e69f-42ff-b35a-ac3a9e0e9b69 {\n\t\t\t\t--wpforms-field-size-input-height: 43px;\n--wpforms-field-size-input-spacing: 15px;\n--wpforms-field-size-font-size: 16px;\n--wpforms-field-size-line-height: 19px;\n--wpforms-field-size-padding-h: 14px;\n--wpforms-field-size-checkbox-size: 16px;\n--wpforms-field-size-sublabel-spacing: 5px;\n--wpforms-field-size-icon-size: 1;\n--wpforms-label-size-font-size: 16px;\n--wpforms-label-size-line-height: 19px;\n--wpforms-label-size-sublabel-font-size: 14px;\n--wpforms-label-size-sublabel-line-height: 17px;\n--wpforms-button-size-font-size: 17px;\n--wpforms-button-size-height: 41px;\n--wpforms-button-size-padding-h: 15px;\n--wpforms-button-size-margin-top: 10px;\n\t\t\t}\n\t\t\t<\/style><div class=\"wpforms-container wpforms-container-full wpforms-block wpforms-block-a89e0bcf-e69f-42ff-b35a-ac3a9e0e9b69 wpforms-render-modern\" id=\"wpforms-1637\"><form id=\"wpforms-form-1637\" class=\"wpforms-validate wpforms-form wpforms-ajax-form\" data-formid=\"1637\" method=\"post\" enctype=\"multipart\/form-data\" action=\"\/index.php\/wp-json\/wp\/v2\/pages\/124\" data-token=\"7f9a6f2e892a60d36601d1b87c48bdff\" data-token-time=\"1777526077\"><noscript class=\"wpforms-error-noscript\">Veuillez activer JavaScript dans votre navigateur pour remplir ce formulaire.<\/noscript><div id=\"wpforms-error-noscript\" style=\"display: none;\">Veuillez activer JavaScript dans votre navigateur pour remplir ce formulaire.<\/div><div class=\"wpforms-field-container\"><div id=\"wpforms-1637-field_1-container\" class=\"wpforms-field wpforms-field-name\" data-field-id=\"1\"><fieldset><legend class=\"wpforms-field-label\">Nom <span class=\"wpforms-required-label\" aria-hidden=\"true\">*<\/span><\/legend><div class=\"wpforms-field-row wpforms-field-medium\"><div class=\"wpforms-field-row-block wpforms-first wpforms-one-half\"><input type=\"text\" id=\"wpforms-1637-field_1\" class=\"wpforms-field-name-first wpforms-field-required\" name=\"wpforms[fields][1][first]\" aria-errormessage=\"wpforms-1637-field_1-error\" required><label for=\"wpforms-1637-field_1\" class=\"wpforms-field-sublabel after\">Pr\u00e9nom<\/label><\/div><div class=\"wpforms-field-row-block wpforms-one-half\"><input type=\"text\" id=\"wpforms-1637-field_1-last\" class=\"wpforms-field-name-last wpforms-field-required\" name=\"wpforms[fields][1][last]\" aria-errormessage=\"wpforms-1637-field_1-last-error\" required><label for=\"wpforms-1637-field_1-last\" class=\"wpforms-field-sublabel after\">Nom<\/label><\/div><\/div><\/fieldset><\/div><div id=\"wpforms-1637-field_8-container\" class=\"wpforms-field wpforms-field-email\" data-field-id=\"8\"><label class=\"wpforms-field-label\" for=\"wpforms-1637-field_8\">Email <span class=\"wpforms-required-label\" aria-hidden=\"true\">*<\/span><\/label><input type=\"email\" id=\"wpforms-1637-field_8\" class=\"wpforms-field-medium wpforms-field-required\" name=\"wpforms[fields][8]\" spellcheck=\"false\" aria-errormessage=\"wpforms-1637-field_8-error\" required><\/div><div id=\"wpforms-1637-field_9-container\" class=\"wpforms-field wpforms-field-text\" data-field-id=\"9\"><label class=\"wpforms-field-label\" for=\"wpforms-1637-field_9\">Num\u00e9ro de t\u00e9l\u00e9phone <span class=\"wpforms-required-label\" aria-hidden=\"true\">*<\/span><\/label><input type=\"text\" id=\"wpforms-1637-field_9\" class=\"wpforms-field-medium wpforms-field-required\" name=\"wpforms[fields][9]\" aria-errormessage=\"wpforms-1637-field_9-error\" required><\/div><div id=\"wpforms-1637-field_6-container\" class=\"wpforms-field wpforms-field-select wpforms-field-select-style-classic\" data-field-id=\"6\"><label class=\"wpforms-field-label\" for=\"wpforms-1637-field_6\">Pour combien de personnes ?<\/label><select id=\"wpforms-1637-field_6\" class=\"wpforms-field-medium\" name=\"wpforms[fields][6]\"><option value=\"1\"  class=\"choice-4 depth-1\"  >1<\/option><option value=\"2\"  class=\"choice-1 depth-1\"  >2<\/option><option value=\"3\"  class=\"choice-2 depth-1\"  >3<\/option><option value=\"4\"  class=\"choice-3 depth-1\"  >4<\/option><option value=\"5\"  class=\"choice-5 depth-1\"  >5<\/option><option value=\"6\"  class=\"choice-6 depth-1\"  >6<\/option><option value=\"7\"  class=\"choice-7 depth-1\"  >7<\/option><option value=\"8\"  class=\"choice-8 depth-1\"  >8<\/option><option value=\"9\"  class=\"choice-9 depth-1\"  >9<\/option><option value=\"10\"  class=\"choice-10 depth-1\"  >10<\/option><option value=\"11\"  class=\"choice-11 depth-1\"  >11<\/option><option value=\"12\"  class=\"choice-12 depth-1\"  >12<\/option><option value=\"13\"  class=\"choice-13 depth-1\"  >13<\/option><option value=\"14\"  class=\"choice-14 depth-1\"  >14<\/option><option value=\"15\"  class=\"choice-15 depth-1\"  >15<\/option><option value=\"16\"  class=\"choice-16 depth-1\"  >16<\/option><\/select><\/div>\t\t<div id=\"wpforms-1637-field_2-container\"\n\t\t\tclass=\"wpforms-field wpforms-field-text\"\n\t\t\tdata-field-type=\"text\"\n\t\t\tdata-field-id=\"2\"\n\t\t\t>\n\t\t\t<label class=\"wpforms-field-label\" for=\"wpforms-1637-field_2\" >Est-ce sp\u00e9ciale pour<\/label>\n\t\t\t<input type=\"text\" id=\"wpforms-1637-field_2\" class=\"wpforms-field-medium\" name=\"wpforms[fields][2]\" >\n\t\t<\/div>\n\t\t<div id=\"wpforms-1637-field_7-container\" class=\"wpforms-field wpforms-field-textarea\" data-field-id=\"7\"><label class=\"wpforms-field-label\" for=\"wpforms-1637-field_7\">Est-ce pour une occasion sp\u00e9ciale ?<\/label><textarea id=\"wpforms-1637-field_7\" class=\"wpforms-field-medium\" name=\"wpforms[fields][7]\" aria-errormessage=\"wpforms-1637-field_7-error\" ><\/textarea><\/div><script>\n\t\t\t\t( function() {\n\t\t\t\t\tconst style = document.createElement( 'style' );\n\t\t\t\t\tstyle.appendChild( document.createTextNode( '#wpforms-1637-field_2-container { position: absolute !important; overflow: hidden !important; display: inline !important; height: 1px !important; width: 1px !important; z-index: -1000 !important; padding: 0 !important; } #wpforms-1637-field_2-container input { visibility: hidden; } #wpforms-conversational-form-page #wpforms-1637-field_2-container label { counter-increment: none; }' ) );\n\t\t\t\t\tdocument.head.appendChild( style );\n\t\t\t\t\tdocument.currentScript?.remove();\n\t\t\t\t} )();\n\t\t\t<\/script><\/div><!-- .wpforms-field-container --><div class=\"wpforms-submit-container\" ><input type=\"hidden\" name=\"wpforms[id]\" value=\"1637\"><input type=\"hidden\" name=\"page_title\" value=\"\"><input type=\"hidden\" name=\"page_url\" value=\"https:\/\/aubergedeboendael.be\/index.php\/wp-json\/wp\/v2\/pages\/124\"><input type=\"hidden\" name=\"url_referer\" value=\"\"><button type=\"submit\" name=\"wpforms[submit]\" id=\"wpforms-submit-1637\" class=\"wpforms-submit\" data-alt-text=\"En cours...\" data-submit-text=\"R\u00e9server votre table\" aria-live=\"assertive\" value=\"wpforms-submit\">R\u00e9server votre table<\/button><img decoding=\"async\" src=\"https:\/\/aubergedeboendael.be\/wp-content\/plugins\/wpforms-lite\/assets\/images\/submit-spin.svg\" class=\"wpforms-submit-spinner\" style=\"display: none;\" width=\"26\" height=\"26\" alt=\"Chargement en cours\"><\/div><\/form><\/div>  <!-- .wpforms-container -->\n\n\n<div style=\"height:130px\" aria-hidden=\"true\" class=\"wp-block-spacer\"><\/div>\n\n\n\n<p class=\"has-text-align-center has-large-font-size\"><strong>Notre Brunch en images<\/strong><\/p>\n\n\n\n<div style=\"height:43px\" aria-hidden=\"true\" class=\"wp-block-spacer\"><\/div>\n\n\n\n<figure class=\"wp-block-gallery has-nested-images columns-default is-cropped wp-block-gallery-1 is-layout-flex wp-block-gallery-is-layout-flex\">\n<figure class=\"wp-block-image size-large\"><img decoding=\"async\" width=\"2560\" height=\"1794\" data-id=\"1534\" src=\"https:\/\/aubergedeboendael.be\/wp-content\/uploads\/2025\/06\/2404-SBR-BOE-S1-5-Copie-scaled.jpg\" alt=\"\" class=\"wp-image-1534\" srcset=\"https:\/\/aubergedeboendael.be\/wp-content\/uploads\/2025\/06\/2404-SBR-BOE-S1-5-Copie-scaled.jpg 2560w, https:\/\/aubergedeboendael.be\/wp-content\/uploads\/2025\/06\/2404-SBR-BOE-S1-5-Copie-300x210.jpg 300w\" sizes=\"(max-width: 2560px) 100vw, 2560px\" \/><\/figure>\n\n\n\n<figure class=\"wp-block-image size-large\"><img decoding=\"async\" width=\"1024\" height=\"683\" data-id=\"1531\" src=\"https:\/\/aubergedeboendael.be\/wp-content\/uploads\/2025\/06\/0511-ADB-SOB-S1-148-1024x683.jpg\" alt=\"\" class=\"wp-image-1531\" srcset=\"https:\/\/aubergedeboendael.be\/wp-content\/uploads\/2025\/06\/0511-ADB-SOB-S1-148-1024x683.jpg 1024w, https:\/\/aubergedeboendael.be\/wp-content\/uploads\/2025\/06\/0511-ADB-SOB-S1-148-300x200.jpg 300w, https:\/\/aubergedeboendael.be\/wp-content\/uploads\/2025\/06\/0511-ADB-SOB-S1-148-768x512.jpg 768w, https:\/\/aubergedeboendael.be\/wp-content\/uploads\/2025\/06\/0511-ADB-SOB-S1-148-1536x1024.jpg 1536w, https:\/\/aubergedeboendael.be\/wp-content\/uploads\/2025\/06\/0511-ADB-SOB-S1-148-2048x1365.jpg 2048w, https:\/\/aubergedeboendael.be\/wp-content\/uploads\/2025\/06\/0511-ADB-SOB-S1-148-256x171.jpg 256w, https:\/\/aubergedeboendael.be\/wp-content\/uploads\/2025\/06\/0511-ADB-SOB-S1-148-512x341.jpg 512w\" sizes=\"(max-width: 1024px) 100vw, 1024px\" \/><\/figure>\n\n\n\n<figure class=\"wp-block-image size-large\"><img decoding=\"async\" width=\"1024\" height=\"520\" data-id=\"1528\" src=\"https:\/\/aubergedeboendael.be\/wp-content\/uploads\/2025\/06\/0511-ADB-SOB-S1-14-1024x520.jpg\" alt=\"\" class=\"wp-image-1528\" srcset=\"https:\/\/aubergedeboendael.be\/wp-content\/uploads\/2025\/06\/0511-ADB-SOB-S1-14-1024x520.jpg 1024w, https:\/\/aubergedeboendael.be\/wp-content\/uploads\/2025\/06\/0511-ADB-SOB-S1-14-300x152.jpg 300w, https:\/\/aubergedeboendael.be\/wp-content\/uploads\/2025\/06\/0511-ADB-SOB-S1-14-768x390.jpg 768w, https:\/\/aubergedeboendael.be\/wp-content\/uploads\/2025\/06\/0511-ADB-SOB-S1-14-1536x780.jpg 1536w\" sizes=\"(max-width: 1024px) 100vw, 1024px\" \/><\/figure>\n\n\n\n<figure class=\"wp-block-image size-large\"><img decoding=\"async\" data-id=\"1532\" src=\"https:\/\/aubergedeboendael.be\/wp-content\/uploads\/2025\/06\/0511-ADB-SOB-S1-121.jpg\" alt=\"\" class=\"wp-image-1532\"\/><\/figure>\n\n\n\n<figure class=\"wp-block-image size-large\"><img decoding=\"async\" data-id=\"1529\" src=\"https:\/\/aubergedeboendael.be\/wp-content\/uploads\/2025\/06\/0511-ADB-SOB-S1-31.jpg\" alt=\"\" class=\"wp-image-1529\"\/><\/figure>\n\n\n\n<figure class=\"wp-block-image size-large\"><img decoding=\"async\" width=\"2560\" height=\"1725\" data-id=\"1533\" src=\"https:\/\/aubergedeboendael.be\/wp-content\/uploads\/2025\/06\/0511-ADB-SOB-S1-90-scaled.jpg\" alt=\"\" class=\"wp-image-1533\"\/><\/figure>\n\n\n\n<figure class=\"wp-block-image size-large\"><img decoding=\"async\" width=\"1024\" height=\"406\" data-id=\"1526\" src=\"https:\/\/aubergedeboendael.be\/wp-content\/uploads\/2025\/06\/0511-ADB-SOB-S1-15-1024x406.jpg\" alt=\"\" class=\"wp-image-1526\" srcset=\"https:\/\/aubergedeboendael.be\/wp-content\/uploads\/2025\/06\/0511-ADB-SOB-S1-15-1024x406.jpg 1024w, https:\/\/aubergedeboendael.be\/wp-content\/uploads\/2025\/06\/0511-ADB-SOB-S1-15-300x119.jpg 300w, https:\/\/aubergedeboendael.be\/wp-content\/uploads\/2025\/06\/0511-ADB-SOB-S1-15-768x304.jpg 768w, https:\/\/aubergedeboendael.be\/wp-content\/uploads\/2025\/06\/0511-ADB-SOB-S1-15-1536x609.jpg 1536w, https:\/\/aubergedeboendael.be\/wp-content\/uploads\/2025\/06\/0511-ADB-SOB-S1-15-2048x812.jpg 2048w\" sizes=\"(max-width: 1024px) 100vw, 1024px\" \/><\/figure>\n\n\n\n<figure class=\"wp-block-image size-full\"><img decoding=\"async\" data-id=\"1530\" src=\"https:\/\/aubergedeboendael.be\/wp-content\/uploads\/2025\/06\/0511-ADB-SOB-S1-61.jpg\" alt=\"\" class=\"wp-image-1530\"\/><\/figure>\n\n\n\n<figure class=\"wp-block-image size-large\"><img decoding=\"async\" width=\"1024\" height=\"683\" data-id=\"1527\" src=\"https:\/\/aubergedeboendael.be\/wp-content\/uploads\/2025\/06\/0511-ADB-SOB-S1-96-1024x683.jpg\" alt=\"\" class=\"wp-image-1527\" srcset=\"https:\/\/aubergedeboendael.be\/wp-content\/uploads\/2025\/06\/0511-ADB-SOB-S1-96-1024x683.jpg 1024w, https:\/\/aubergedeboendael.be\/wp-content\/uploads\/2025\/06\/0511-ADB-SOB-S1-96-300x200.jpg 300w\" sizes=\"(max-width: 1024px) 100vw, 1024px\" \/><\/figure>\n<\/figure>\n\n\n\n<div style=\"height:130px\" aria-hidden=\"true\" class=\"wp-block-spacer\"><\/div>\n\n\n<div class=\"inner-container\"><div class=\"image-box-header\"><img decoding=\"async\" class=\"gutenverse-image-box-filled\" src=\"https:\/\/aubergedeboendael.be\/wp-content\/uploads\/2025\/05\/0511-ADB-SOB-S1-103-scaled.jpg\" height=\"1707\" width=\"2560\" alt=\"\" \/><\/div><div class=\"image-box-body\"><div class=\"body-inner\"><h3 class=\"body-title icon-position-before\"><span>Brunch pour la f\u00eate des m\u00e8res &#8211; 11 mai 2025<\/span><\/h3><p class=\"body-description\">Les souvenirs de notre dernier brunch d\u00e9di\u00e9 aux mamans sont d\u00e9sormais en ligne !<br>D\u00e9couvrez les photos de cette belle journ\u00e9e en cliquant sur le bouton ci-dessous. Elles sont disponibles gratuitement.<\/p><a class=\"guten-button guten-button-sm\" href=\"https:\/\/www.facebook.com\/media\/set?vanity=aubergedeboendael&#038;set=a.1191551439679937&#038;locale=fr_FR\"><span><strong>D\u00e9couvrir les photos<\/strong><\/span><\/a><\/div><\/div><\/div>","protected":false},"excerpt":{"rendered":"<p>Notre Brunch en images<\/p>\n","protected":false},"author":1,"featured_media":0,"parent":0,"menu_order":0,"comment_status":"closed","ping_status":"closed","template":"","meta":{"footnotes":""},"class_list":["post-124","page","type-page","status-publish","hentry"],"aioseo_notices":[],"_links":{"self":[{"href":"https:\/\/aubergedeboendael.be\/index.php\/wp-json\/wp\/v2\/pages\/124","targetHints":{"allow":["GET"]}}],"collection":[{"href":"https:\/\/aubergedeboendael.be\/index.php\/wp-json\/wp\/v2\/pages"}],"about":[{"href":"https:\/\/aubergedeboendael.be\/index.php\/wp-json\/wp\/v2\/types\/page"}],"author":[{"embeddable":true,"href":"https:\/\/aubergedeboendael.be\/index.php\/wp-json\/wp\/v2\/users\/1"}],"replies":[{"embeddable":true,"href":"https:\/\/aubergedeboendael.be\/index.php\/wp-json\/wp\/v2\/comments?post=124"}],"version-history":[{"count":58,"href":"https:\/\/aubergedeboendael.be\/index.php\/wp-json\/wp\/v2\/pages\/124\/revisions"}],"predecessor-version":[{"id":1936,"href":"https:\/\/aubergedeboendael.be\/index.php\/wp-json\/wp\/v2\/pages\/124\/revisions\/1936"}],"wp:attachment":[{"href":"https:\/\/aubergedeboendael.be\/index.php\/wp-json\/wp\/v2\/media?parent=124"}],"curies":[{"name":"wp","href":"https:\/\/api.w.org\/{rel}","templated":true}]}}